{"id":24,"date":"2023-10-13T15:04:17","date_gmt":"2023-10-13T13:04:17","guid":{"rendered":"https:\/\/cogeres.com\/?page_id=24"},"modified":"2024-09-30T11:23:29","modified_gmt":"2024-09-30T09:23:29","slug":"contactez-nous","status":"publish","type":"page","link":"https:\/\/cogeres.com\/index.php\/contactez-nous\/","title":{"rendered":"Contactez-nous"},"content":{"rendered":"\t\t<div data-elementor-type=\"wp-page\" data-elementor-id=\"24\" class=\"elementor elementor-24\" data-elementor-post-type=\"page\">\n\t\t\t\t<div class=\"elementor-element elementor-element-c87982f e-flex e-con-boxed e-con e-parent\" data-id=\"c87982f\" data-element_type=\"container\" data-e-type=\"container\" data-settings=\"{&quot;background_background&quot;:&quot;slideshow&quot;,&quot;background_slideshow_gallery&quot;:[],&quot;background_slideshow_loop&quot;:&quot;yes&quot;,&quot;background_slideshow_slide_duration&quot;:5000,&quot;background_slideshow_slide_transition&quot;:&quot;fade&quot;,&quot;background_slideshow_transition_duration&quot;:500}\">\n\t\t\t\t\t<div class=\"e-con-inner\">\n\t\t\t\t<div class=\"elementor-element elementor-element-133d3bf elementor-widget elementor-widget-heading\" data-id=\"133d3bf\" data-element_type=\"widget\" data-e-type=\"widget\" data-settings=\"{&quot;_animation&quot;:&quot;none&quot;}\" data-widget_type=\"heading.default\">\n\t\t\t\t<div class=\"elementor-widget-container\">\n\t\t\t\t\t<h2 class=\"elementor-heading-title elementor-size-default\">Vous souhaitez nous contacter ou nous rejoindre?<\/h2>\t\t\t\t<\/div>\n\t\t\t\t<\/div>\n\t\t\t\t\t<\/div>\n\t\t\t\t<\/div>\n\t\t<div class=\"elementor-element elementor-element-6317490 e-flex e-con-boxed e-con e-parent\" data-id=\"6317490\" data-element_type=\"container\" data-e-type=\"container\">\n\t\t\t\t\t<div class=\"e-con-inner\">\n\t\t\t\t<div class=\"elementor-element elementor-element-e4506a3 elementor-widget elementor-widget-text-editor\" data-id=\"e4506a3\" data-element_type=\"widget\" data-e-type=\"widget\" data-widget_type=\"text-editor.default\">\n\t\t\t\t<div class=\"elementor-widget-container\">\n\t\t\t\t\t\t\t\t\t<p><strong>Compl\u00e9tez le formulaire ci-dessous et indiquez votre choix <br \/><\/strong><\/p><p>A bient\u00f4t<\/p>\t\t\t\t\t\t\t\t<\/div>\n\t\t\t\t<\/div>\n\t\t\t\t\t<\/div>\n\t\t\t\t<\/div>\n\t\t<div class=\"elementor-element elementor-element-c9c1159 e-flex e-con-boxed e-con e-parent\" data-id=\"c9c1159\" data-element_type=\"container\" data-e-type=\"container\" data-settings=\"{&quot;background_background&quot;:&quot;classic&quot;}\">\n\t\t\t\t\t<div class=\"e-con-inner\">\n\t\t\t\t<div class=\"elementor-element elementor-element-63223cc elementor-widget elementor-widget-wpforms\" data-id=\"63223cc\" data-element_type=\"widget\" data-e-type=\"widget\" data-widget_type=\"wpforms.default\">\n\t\t\t\t<div class=\"elementor-widget-container\">\n\t\t\t\t\t<style id=\"wpforms-css-vars-elementor-widget-63223cc\">\n\t\t\t\t.elementor-widget-wpforms.elementor-element-63223cc {\n\t\t\t\t--wpforms-field-background-color: #FFFFFF;\n--wpforms-field-border-color: #01324666;\n--wpforms-field-border-color-spare: #01324666;\n--wpforms-button-border-radius: 2px;\n--wpforms-button-background-color: #4E8648;\n--wpforms-label-color: #013246;\n--wpforms-label-sublabel-color: #013246;\n--wpforms-field-border-radius: 10px;\n--wpforms-button-text-color: #013246;\n--wpforms-field-text-color: #013246;\n--wpforms-field-size-input-height: 31px;\n--wpforms-field-size-input-spacing: 10px;\n--wpforms-field-size-font-size: 14px;\n--wpforms-field-size-line-height: 17px;\n--wpforms-field-size-padding-h: 9px;\n--wpforms-field-size-checkbox-size: 14px;\n--wpforms-field-size-sublabel-spacing: 5px;\n--wpforms-field-size-icon-size: 0.75;\n--wpforms-button-size-font-size: 14px;\n--wpforms-button-size-height: 37px;\n--wpforms-button-size-padding-h: 15px;\n--wpforms-button-size-margin-top: 5px;\n\t\t\t}\n\t\t\t<\/style><div class=\"wpforms-container wpforms-container-full wpforms-render-modern\" id=\"wpforms-1208\"><form id=\"wpforms-form-1208\" class=\"wpforms-validate wpforms-form wpforms-ajax-form\" data-formid=\"1208\" method=\"post\" enctype=\"multipart\/form-data\" action=\"\/index.php\/wp-json\/wp\/v2\/pages\/24\" data-token=\"13079f8087b47495fcccb764a05eaffd\" data-token-time=\"1778158650\"><noscript class=\"wpforms-error-noscript\">Veuillez activer JavaScript dans votre navigateur pour remplir ce formulaire.<\/noscript><div id=\"wpforms-error-noscript\" style=\"display: none;\">Veuillez activer JavaScript dans votre navigateur pour remplir ce formulaire.<\/div><div class=\"wpforms-field-container\"><div id=\"wpforms-1208-field_1-container\" class=\"wpforms-field wpforms-field-name\" data-field-id=\"1\"><fieldset><legend class=\"wpforms-field-label\">Nom <span class=\"wpforms-required-label\" aria-hidden=\"true\">*<\/span><\/legend><div class=\"wpforms-field-row wpforms-field-medium\"><div class=\"wpforms-field-row-block wpforms-first wpforms-one-half\"><input type=\"text\" id=\"wpforms-1208-field_1\" class=\"wpforms-field-name-first wpforms-field-required\" name=\"wpforms[fields][1][first]\" aria-errormessage=\"wpforms-1208-field_1-error\" required><label for=\"wpforms-1208-field_1\" class=\"wpforms-field-sublabel after\">Pr\u00e9nom<\/label><\/div><div class=\"wpforms-field-row-block wpforms-one-half\"><input type=\"text\" id=\"wpforms-1208-field_1-last\" class=\"wpforms-field-name-last wpforms-field-required\" name=\"wpforms[fields][1][last]\" aria-errormessage=\"wpforms-1208-field_1-last-error\" required><label for=\"wpforms-1208-field_1-last\" class=\"wpforms-field-sublabel after\">Nom<\/label><\/div><\/div><\/fieldset><\/div><div id=\"wpforms-1208-field_4-container\" class=\"wpforms-field wpforms-field-text\" data-field-id=\"4\"><label class=\"wpforms-field-label\" for=\"wpforms-1208-field_4\">Profession <span class=\"wpforms-required-label\" aria-hidden=\"true\">*<\/span><\/label><input type=\"text\" id=\"wpforms-1208-field_4\" class=\"wpforms-field-medium wpforms-field-required\" name=\"wpforms[fields][4]\" aria-errormessage=\"wpforms-1208-field_4-error\" required><\/div><div id=\"wpforms-1208-field_6-container\" class=\"wpforms-field wpforms-field-text\" data-field-id=\"6\"><label class=\"wpforms-field-label\" for=\"wpforms-1208-field_6\">T\u00e9l\u00e9phone<\/label><input type=\"text\" id=\"wpforms-1208-field_6\" class=\"wpforms-field-medium\" name=\"wpforms[fields][6]\" aria-errormessage=\"wpforms-1208-field_6-error\" ><\/div><div id=\"wpforms-1208-field_2-container\" class=\"wpforms-field wpforms-field-email\" data-field-id=\"2\"><label class=\"wpforms-field-label\" for=\"wpforms-1208-field_2\">E-mail <span class=\"wpforms-required-label\" aria-hidden=\"true\">*<\/span><\/label><input type=\"email\" id=\"wpforms-1208-field_2\" class=\"wpforms-field-medium wpforms-field-required\" name=\"wpforms[fields][2]\" spellcheck=\"false\" aria-errormessage=\"wpforms-1208-field_2-error\" required><\/div><div id=\"wpforms-1208-field_3-container\" class=\"wpforms-field wpforms-field-radio\" data-field-id=\"3\"><fieldset><legend class=\"wpforms-field-label\">Souhaitez-vous :  <span class=\"wpforms-required-label\" aria-hidden=\"true\">*<\/span><\/legend><ul id=\"wpforms-1208-field_3\" class=\"wpforms-field-required\"><li class=\"choice-1 depth-1 wpforms-selected\"><input type=\"radio\" id=\"wpforms-1208-field_3_1\" name=\"wpforms[fields][3]\" value=\"Nous contacter\" aria-errormessage=\"wpforms-1208-field_3_1-error\" required  checked='checked'><label class=\"wpforms-field-label-inline\" for=\"wpforms-1208-field_3_1\">Nous contacter<\/label><\/li><li class=\"choice-2 depth-1\"><input type=\"radio\" id=\"wpforms-1208-field_3_2\" name=\"wpforms[fields][3]\" value=\"Nous rejoindre\" aria-errormessage=\"wpforms-1208-field_3_2-error\" required ><label class=\"wpforms-field-label-inline\" for=\"wpforms-1208-field_3_2\">Nous rejoindre<\/label><\/li><\/ul><\/fieldset><\/div><div id=\"wpforms-1208-field_7-container\" class=\"wpforms-field wpforms-field-textarea\" data-field-id=\"7\"><label class=\"wpforms-field-label\" for=\"wpforms-1208-field_7\">Message <span class=\"wpforms-required-label\" aria-hidden=\"true\">*<\/span><\/label><textarea id=\"wpforms-1208-field_7\" class=\"wpforms-field-medium wpforms-field-required\" name=\"wpforms[fields][7]\" aria-errormessage=\"wpforms-1208-field_7-error\" required><\/textarea><\/div><\/div><!-- .wpforms-field-container --><div class=\"wpforms-recaptcha-container wpforms-is-recaptcha wpforms-is-recaptcha-type-v3\" ><input type=\"hidden\" name=\"wpforms[recaptcha]\" value=\"\"><\/div><div class=\"wpforms-submit-container\" ><input type=\"hidden\" name=\"wpforms[id]\" value=\"1208\"><input type=\"hidden\" name=\"page_title\" value=\"\"><input type=\"hidden\" name=\"page_url\" value=\"https:\/\/cogeres.com\/index.php\/wp-json\/wp\/v2\/pages\/24\"><input type=\"hidden\" name=\"url_referer\" value=\"\"><button type=\"submit\" name=\"wpforms[submit]\" id=\"wpforms-submit-1208\" class=\"wpforms-submit\" data-alt-text=\"Envoi...\" data-submit-text=\"Envoyer\" aria-live=\"assertive\" value=\"wpforms-submit\">Envoyer<\/button><img decoding=\"async\" src=\"https:\/\/cogeres.com\/wp-content\/plugins\/wpforms-lite\/assets\/images\/submit-spin.svg\" class=\"wpforms-submit-spinner\" style=\"display: none;\" width=\"26\" height=\"26\" alt=\"Chargement en cours\"><\/div><\/form><\/div>  <!-- .wpforms-container -->\t\t\t\t<\/div>\n\t\t\t\t<\/div>\n\t\t\t\t\t<\/div>\n\t\t\t\t<\/div>\n\t\t\t\t<\/div>\n\t\t","protected":false},"excerpt":{"rendered":"<p>Vous souhaitez nous contacter ou nous rejoindre? Compl\u00e9tez le formulaire ci-dessous et indiquez votre choix A bient\u00f4t Veuillez activer JavaScript dans votre navigateur pour remplir ce formulaire.Veuillez activer JavaScript dans votre navigateur pour remplir ce formulaire. Nom * Pr\u00e9nomNom Profession *T\u00e9l\u00e9phoneE-mail * Souhaitez-vous : * Nous contacter Nous rejoindre Message * Envoyer<\/p>\n","protected":false},"author":3,"featured_media":0,"parent":0,"menu_order":0,"comment_status":"closed","ping_status":"closed","template":"elementor_header_footer","meta":{"footnotes":""},"class_list":["post-24","page","type-page","status-publish","hentry"],"yoast_head":"<!-- This site is optimized with the Yoast SEO plugin v27.5 - https:\/\/yoast.com\/product\/yoast-seo-wordpress\/ -->\n<title>Contactez-nous - Cogeres<\/title>\n<meta name=\"robots\" content=\"index, follow, max-snippet:-1, max-image-preview:large, max-video-preview:-1\" \/>\n<link rel=\"canonical\" href=\"https:\/\/cogeres.com\/index.php\/contactez-nous\/\" \/>\n<meta property=\"og:locale\" content=\"fr_FR\" \/>\n<meta property=\"og:type\" content=\"article\" \/>\n<meta property=\"og:title\" content=\"Contactez-nous - Cogeres\" \/>\n<meta property=\"og:description\" content=\"Vous souhaitez nous contacter ou nous rejoindre? Compl\u00e9tez le formulaire ci-dessous et indiquez votre choix A bient\u00f4t Veuillez activer JavaScript dans votre navigateur pour remplir ce formulaire.Veuillez activer JavaScript dans votre navigateur pour remplir ce formulaire. Nom * Pr\u00e9nomNom Profession *T\u00e9l\u00e9phoneE-mail * Souhaitez-vous : * Nous contacter Nous rejoindre Message * Envoyer\" \/>\n<meta property=\"og:url\" content=\"https:\/\/cogeres.com\/index.php\/contactez-nous\/\" \/>\n<meta property=\"og:site_name\" content=\"Cogeres\" \/>\n<meta property=\"article:modified_time\" content=\"2024-09-30T09:23:29+00:00\" \/>\n<meta property=\"og:image\" content=\"https:\/\/cogeres.com\/wp-content\/plugins\/wpforms-lite\/assets\/images\/submit-spin.svg\" \/>\n<meta name=\"twitter:card\" content=\"summary_large_image\" \/>\n<meta name=\"twitter:label1\" content=\"Dur\u00e9e de lecture estim\u00e9e\" \/>\n\t<meta name=\"twitter:data1\" content=\"1 minute\" \/>\n<script type=\"application\/ld+json\" class=\"yoast-schema-graph\">{\"@context\":\"https:\\\/\\\/schema.org\",\"@graph\":[{\"@type\":\"WebPage\",\"@id\":\"https:\\\/\\\/cogeres.com\\\/index.php\\\/contactez-nous\\\/\",\"url\":\"https:\\\/\\\/cogeres.com\\\/index.php\\\/contactez-nous\\\/\",\"name\":\"Contactez-nous - Cogeres\",\"isPartOf\":{\"@id\":\"https:\\\/\\\/cogeres.com\\\/#website\"},\"primaryImageOfPage\":{\"@id\":\"https:\\\/\\\/cogeres.com\\\/index.php\\\/contactez-nous\\\/#primaryimage\"},\"image\":{\"@id\":\"https:\\\/\\\/cogeres.com\\\/index.php\\\/contactez-nous\\\/#primaryimage\"},\"thumbnailUrl\":\"https:\\\/\\\/cogeres.com\\\/wp-content\\\/plugins\\\/wpforms-lite\\\/assets\\\/images\\\/submit-spin.svg\",\"datePublished\":\"2023-10-13T13:04:17+00:00\",\"dateModified\":\"2024-09-30T09:23:29+00:00\",\"breadcrumb\":{\"@id\":\"https:\\\/\\\/cogeres.com\\\/index.php\\\/contactez-nous\\\/#breadcrumb\"},\"inLanguage\":\"fr-FR\",\"potentialAction\":[{\"@type\":\"ReadAction\",\"target\":[\"https:\\\/\\\/cogeres.com\\\/index.php\\\/contactez-nous\\\/\"]}]},{\"@type\":\"ImageObject\",\"inLanguage\":\"fr-FR\",\"@id\":\"https:\\\/\\\/cogeres.com\\\/index.php\\\/contactez-nous\\\/#primaryimage\",\"url\":\"https:\\\/\\\/cogeres.com\\\/wp-content\\\/plugins\\\/wpforms-lite\\\/assets\\\/images\\\/submit-spin.svg\",\"contentUrl\":\"https:\\\/\\\/cogeres.com\\\/wp-content\\\/plugins\\\/wpforms-lite\\\/assets\\\/images\\\/submit-spin.svg\"},{\"@type\":\"BreadcrumbList\",\"@id\":\"https:\\\/\\\/cogeres.com\\\/index.php\\\/contactez-nous\\\/#breadcrumb\",\"itemListElement\":[{\"@type\":\"ListItem\",\"position\":1,\"name\":\"Accueil\",\"item\":\"https:\\\/\\\/cogeres.com\\\/\"},{\"@type\":\"ListItem\",\"position\":2,\"name\":\"Contactez-nous\"}]},{\"@type\":\"WebSite\",\"@id\":\"https:\\\/\\\/cogeres.com\\\/#website\",\"url\":\"https:\\\/\\\/cogeres.com\\\/\",\"name\":\"Cogeres\",\"description\":\"Conseil, Gestion &amp; R\u00e9silience\",\"publisher\":{\"@id\":\"https:\\\/\\\/cogeres.com\\\/#organization\"},\"potentialAction\":[{\"@type\":\"SearchAction\",\"target\":{\"@type\":\"EntryPoint\",\"urlTemplate\":\"https:\\\/\\\/cogeres.com\\\/?s={search_term_string}\"},\"query-input\":{\"@type\":\"PropertyValueSpecification\",\"valueRequired\":true,\"valueName\":\"search_term_string\"}}],\"inLanguage\":\"fr-FR\"},{\"@type\":\"Organization\",\"@id\":\"https:\\\/\\\/cogeres.com\\\/#organization\",\"name\":\"Cogeres\",\"url\":\"https:\\\/\\\/cogeres.com\\\/\",\"logo\":{\"@type\":\"ImageObject\",\"inLanguage\":\"fr-FR\",\"@id\":\"https:\\\/\\\/cogeres.com\\\/#\\\/schema\\\/logo\\\/image\\\/\",\"url\":\"https:\\\/\\\/cogeres.com\\\/wp-content\\\/uploads\\\/2023\\\/10\\\/logo-web.jpg\",\"contentUrl\":\"https:\\\/\\\/cogeres.com\\\/wp-content\\\/uploads\\\/2023\\\/10\\\/logo-web.jpg\",\"width\":500,\"height\":267,\"caption\":\"Cogeres\"},\"image\":{\"@id\":\"https:\\\/\\\/cogeres.com\\\/#\\\/schema\\\/logo\\\/image\\\/\"}}]}<\/script>\n<!-- \/ Yoast SEO plugin. -->","yoast_head_json":{"title":"Contactez-nous - Cogeres","robots":{"index":"index","follow":"follow","max-snippet":"max-snippet:-1","max-image-preview":"max-image-preview:large","max-video-preview":"max-video-preview:-1"},"canonical":"https:\/\/cogeres.com\/index.php\/contactez-nous\/","og_locale":"fr_FR","og_type":"article","og_title":"Contactez-nous - Cogeres","og_description":"Vous souhaitez nous contacter ou nous rejoindre? Compl\u00e9tez le formulaire ci-dessous et indiquez votre choix A bient\u00f4t Veuillez activer JavaScript dans votre navigateur pour remplir ce formulaire.Veuillez activer JavaScript dans votre navigateur pour remplir ce formulaire. Nom * Pr\u00e9nomNom Profession *T\u00e9l\u00e9phoneE-mail * Souhaitez-vous : * Nous contacter Nous rejoindre Message * Envoyer","og_url":"https:\/\/cogeres.com\/index.php\/contactez-nous\/","og_site_name":"Cogeres","article_modified_time":"2024-09-30T09:23:29+00:00","og_image":[{"url":"https:\/\/cogeres.com\/wp-content\/plugins\/wpforms-lite\/assets\/images\/submit-spin.svg","type":"","width":"","height":""}],"twitter_card":"summary_large_image","twitter_misc":{"Dur\u00e9e de lecture estim\u00e9e":"1 minute"},"schema":{"@context":"https:\/\/schema.org","@graph":[{"@type":"WebPage","@id":"https:\/\/cogeres.com\/index.php\/contactez-nous\/","url":"https:\/\/cogeres.com\/index.php\/contactez-nous\/","name":"Contactez-nous - Cogeres","isPartOf":{"@id":"https:\/\/cogeres.com\/#website"},"primaryImageOfPage":{"@id":"https:\/\/cogeres.com\/index.php\/contactez-nous\/#primaryimage"},"image":{"@id":"https:\/\/cogeres.com\/index.php\/contactez-nous\/#primaryimage"},"thumbnailUrl":"https:\/\/cogeres.com\/wp-content\/plugins\/wpforms-lite\/assets\/images\/submit-spin.svg","datePublished":"2023-10-13T13:04:17+00:00","dateModified":"2024-09-30T09:23:29+00:00","breadcrumb":{"@id":"https:\/\/cogeres.com\/index.php\/contactez-nous\/#breadcrumb"},"inLanguage":"fr-FR","potentialAction":[{"@type":"ReadAction","target":["https:\/\/cogeres.com\/index.php\/contactez-nous\/"]}]},{"@type":"ImageObject","inLanguage":"fr-FR","@id":"https:\/\/cogeres.com\/index.php\/contactez-nous\/#primaryimage","url":"https:\/\/cogeres.com\/wp-content\/plugins\/wpforms-lite\/assets\/images\/submit-spin.svg","contentUrl":"https:\/\/cogeres.com\/wp-content\/plugins\/wpforms-lite\/assets\/images\/submit-spin.svg"},{"@type":"BreadcrumbList","@id":"https:\/\/cogeres.com\/index.php\/contactez-nous\/#breadcrumb","itemListElement":[{"@type":"ListItem","position":1,"name":"Accueil","item":"https:\/\/cogeres.com\/"},{"@type":"ListItem","position":2,"name":"Contactez-nous"}]},{"@type":"WebSite","@id":"https:\/\/cogeres.com\/#website","url":"https:\/\/cogeres.com\/","name":"Cogeres","description":"Conseil, Gestion &amp; R\u00e9silience","publisher":{"@id":"https:\/\/cogeres.com\/#organization"},"potentialAction":[{"@type":"SearchAction","target":{"@type":"EntryPoint","urlTemplate":"https:\/\/cogeres.com\/?s={search_term_string}"},"query-input":{"@type":"PropertyValueSpecification","valueRequired":true,"valueName":"search_term_string"}}],"inLanguage":"fr-FR"},{"@type":"Organization","@id":"https:\/\/cogeres.com\/#organization","name":"Cogeres","url":"https:\/\/cogeres.com\/","logo":{"@type":"ImageObject","inLanguage":"fr-FR","@id":"https:\/\/cogeres.com\/#\/schema\/logo\/image\/","url":"https:\/\/cogeres.com\/wp-content\/uploads\/2023\/10\/logo-web.jpg","contentUrl":"https:\/\/cogeres.com\/wp-content\/uploads\/2023\/10\/logo-web.jpg","width":500,"height":267,"caption":"Cogeres"},"image":{"@id":"https:\/\/cogeres.com\/#\/schema\/logo\/image\/"}}]}},"_links":{"self":[{"href":"https:\/\/cogeres.com\/index.php\/wp-json\/wp\/v2\/pages\/24","targetHints":{"allow":["GET"]}}],"collection":[{"href":"https:\/\/cogeres.com\/index.php\/wp-json\/wp\/v2\/pages"}],"about":[{"href":"https:\/\/cogeres.com\/index.php\/wp-json\/wp\/v2\/types\/page"}],"author":[{"embeddable":true,"href":"https:\/\/cogeres.com\/index.php\/wp-json\/wp\/v2\/users\/3"}],"replies":[{"embeddable":true,"href":"https:\/\/cogeres.com\/index.php\/wp-json\/wp\/v2\/comments?post=24"}],"version-history":[{"count":142,"href":"https:\/\/cogeres.com\/index.php\/wp-json\/wp\/v2\/pages\/24\/revisions"}],"predecessor-version":[{"id":2761,"href":"https:\/\/cogeres.com\/index.php\/wp-json\/wp\/v2\/pages\/24\/revisions\/2761"}],"wp:attachment":[{"href":"https:\/\/cogeres.com\/index.php\/wp-json\/wp\/v2\/media?parent=24"}],"curies":[{"name":"wp","href":"https:\/\/api.w.org\/{rel}","templated":true}]}}